{"id":39,"date":"2017-07-03T11:13:27","date_gmt":"2017-07-03T11:13:27","guid":{"rendered":"http:\/\/seroxy.eu\/de\/?page_id=39"},"modified":"2017-07-03T11:13:27","modified_gmt":"2017-07-03T11:13:27","slug":"about-us","status":"publish","type":"page","link":"https:\/\/seroxy.eu\/de\/about-us\/","title":{"rendered":"\u00dcBER UNS"},"content":{"rendered":"<p><section class=\"company-preview\">\n<div class=\"container\">\n<div class=\"row mT60 mB50\">\n<div class=\"col-md-12\">\n<h2>Ein Unternehmen voller Vielfalt<\/h2>\n<p>Niemand von uns ist so clever wie wie alle zusammen - Ken Blanchard<\/p>\n\n<\/div>\n<\/div>\n<div class=\"row mB20\">\n<div class=\"col-md-12\">\n<div class=\"company-data\">\n\n<p>Monat f\u00fcr Monat Millionen von Menschen anzusprechen ist keine einfache Aufgabe. Daher richten sich alle, die an der Leitung der SerOxy-Plattform beteiligt sind, nach den Werten, die wir vertreten.<\/p>\n\n<p>Wir haben das Unternehmen aufgebaut, da wir gute Freunde sind und es uns mit Freude erf\u00fcllt hat, Dinge gemeinsam anzupacken. Unsere Vision formte sich im Laufe der Jahre auf nat\u00fcrlichem Wege, da wir auf unserer Reise immer weiter vorangeschritten sind. <\/p>\n\n<p>Wir haben die Freude am Zusammenkommen, Helfen und Teilen durch die stetige Vergr\u00f6\u00dferung unseres Teams nicht verloren, sodass diese Werte auch heute noch die Grundpfeiler unserer gesamten Aktivit\u00e4ten sind.<\/p>\n\n<\/div>\n<\/div>\n<!--<div class=\"col-md-6\"><img decoding=\"async\" class=\"img-responsive\" src=\"https:\/\/seroxy.eu\/de\/wp-content\/uploads\/2017\/07\/group.jpg\" alt=\"\" \/><\/div>-->\n<\/div>\n<\/div>\n<\/section><br \/>\n<!--[block id=\"152\" title=\"INTRO VIDEO (About US)\"]--><\/p>\n","protected":false},"excerpt":{"rendered":"","protected":false},"author":1,"featured_media":66,"parent":0,"menu_order":0,"comment_status":"closed","ping_status":"closed","template":"about_us.php","meta":{"_acf_changed":false,"inline_featured_image":false,"footnotes":""},"class_list":["post-39","page","type-page","status-publish","has-post-thumbnail","hentry"],"acf":[],"yoast_head":"<!-- This site is optimized with the Yoast SEO plugin v25.6 - https:\/\/yoast.com\/wordpress\/plugins\/seo\/ -->\n<title>\u00dcBER UNS - SerOxy<\/title>\n<meta name=\"robots\" content=\"index, follow, max-snippet:-1, max-image-preview:large, max-video-preview:-1\" \/>\n<link rel=\"canonical\" href=\"https:\/\/seroxy.eu\/de\/about-us\/\" \/>\n<meta property=\"og:locale\" content=\"en_US\" \/>\n<meta property=\"og:type\" content=\"article\" \/>\n<meta property=\"og:title\" content=\"\u00dcBER UNS - SerOxy\" \/>\n<meta property=\"og:url\" content=\"https:\/\/seroxy.eu\/de\/about-us\/\" \/>\n<meta property=\"og:site_name\" content=\"SerOxy\" \/>\n<meta name=\"twitter:card\" content=\"summary_large_image\" \/>\n<script type=\"application\/ld+json\" class=\"yoast-schema-graph\">{\"@context\":\"https:\/\/schema.org\",\"@graph\":[{\"@type\":\"WebPage\",\"@id\":\"https:\/\/seroxy.eu\/de\/about-us\/\",\"url\":\"https:\/\/seroxy.eu\/de\/about-us\/\",\"name\":\"\u00dcBER UNS - SerOxy\",\"isPartOf\":{\"@id\":\"https:\/\/seroxy.eu\/de\/#website\"},\"primaryImageOfPage\":{\"@id\":\"https:\/\/seroxy.eu\/de\/about-us\/#primaryimage\"},\"image\":{\"@id\":\"https:\/\/seroxy.eu\/de\/about-us\/#primaryimage\"},\"thumbnailUrl\":\"https:\/\/seroxy.eu\/de\/wp-content\/uploads\/sites\/4\/2017\/07\/about-header.jpg\",\"datePublished\":\"2017-07-03T11:13:27+00:00\",\"breadcrumb\":{\"@id\":\"https:\/\/seroxy.eu\/de\/about-us\/#breadcrumb\"},\"inLanguage\":\"en-US\",\"potentialAction\":[{\"@type\":\"ReadAction\",\"target\":[\"https:\/\/seroxy.eu\/de\/about-us\/\"]}]},{\"@type\":\"ImageObject\",\"inLanguage\":\"en-US\",\"@id\":\"https:\/\/seroxy.eu\/de\/about-us\/#primaryimage\",\"url\":\"https:\/\/seroxy.eu\/de\/wp-content\/uploads\/sites\/4\/2017\/07\/about-header.jpg\",\"contentUrl\":\"https:\/\/seroxy.eu\/de\/wp-content\/uploads\/sites\/4\/2017\/07\/about-header.jpg\",\"width\":1366,\"height\":386},{\"@type\":\"BreadcrumbList\",\"@id\":\"https:\/\/seroxy.eu\/de\/about-us\/#breadcrumb\",\"itemListElement\":[{\"@type\":\"ListItem\",\"position\":1,\"name\":\"Home\",\"item\":\"https:\/\/seroxy.eu\/de\/\"},{\"@type\":\"ListItem\",\"position\":2,\"name\":\"\u00dcBER UNS\"}]},{\"@type\":\"WebSite\",\"@id\":\"https:\/\/seroxy.eu\/de\/#website\",\"url\":\"https:\/\/seroxy.eu\/de\/\",\"name\":\"SerOxy\",\"description\":\"Gemeinsam entdecken, denken und lachen.\",\"potentialAction\":[{\"@type\":\"SearchAction\",\"target\":{\"@type\":\"EntryPoint\",\"urlTemplate\":\"https:\/\/seroxy.eu\/de\/?s={search_term_string}\"},\"query-input\":{\"@type\":\"PropertyValueSpecification\",\"valueRequired\":true,\"valueName\":\"search_term_string\"}}],\"inLanguage\":\"en-US\"}]}<\/script>\n<!-- \/ Yoast SEO plugin. -->","yoast_head_json":{"title":"\u00dcBER UNS - SerOxy","robots":{"index":"index","follow":"follow","max-snippet":"max-snippet:-1","max-image-preview":"max-image-preview:large","max-video-preview":"max-video-preview:-1"},"canonical":"https:\/\/seroxy.eu\/de\/about-us\/","og_locale":"en_US","og_type":"article","og_title":"\u00dcBER UNS - SerOxy","og_url":"https:\/\/seroxy.eu\/de\/about-us\/","og_site_name":"SerOxy","twitter_card":"summary_large_image","schema":{"@context":"https:\/\/schema.org","@graph":[{"@type":"WebPage","@id":"https:\/\/seroxy.eu\/de\/about-us\/","url":"https:\/\/seroxy.eu\/de\/about-us\/","name":"\u00dcBER UNS - SerOxy","isPartOf":{"@id":"https:\/\/seroxy.eu\/de\/#website"},"primaryImageOfPage":{"@id":"https:\/\/seroxy.eu\/de\/about-us\/#primaryimage"},"image":{"@id":"https:\/\/seroxy.eu\/de\/about-us\/#primaryimage"},"thumbnailUrl":"https:\/\/seroxy.eu\/de\/wp-content\/uploads\/sites\/4\/2017\/07\/about-header.jpg","datePublished":"2017-07-03T11:13:27+00:00","breadcrumb":{"@id":"https:\/\/seroxy.eu\/de\/about-us\/#breadcrumb"},"inLanguage":"en-US","potentialAction":[{"@type":"ReadAction","target":["https:\/\/seroxy.eu\/de\/about-us\/"]}]},{"@type":"ImageObject","inLanguage":"en-US","@id":"https:\/\/seroxy.eu\/de\/about-us\/#primaryimage","url":"https:\/\/seroxy.eu\/de\/wp-content\/uploads\/sites\/4\/2017\/07\/about-header.jpg","contentUrl":"https:\/\/seroxy.eu\/de\/wp-content\/uploads\/sites\/4\/2017\/07\/about-header.jpg","width":1366,"height":386},{"@type":"BreadcrumbList","@id":"https:\/\/seroxy.eu\/de\/about-us\/#breadcrumb","itemListElement":[{"@type":"ListItem","position":1,"name":"Home","item":"https:\/\/seroxy.eu\/de\/"},{"@type":"ListItem","position":2,"name":"\u00dcBER UNS"}]},{"@type":"WebSite","@id":"https:\/\/seroxy.eu\/de\/#website","url":"https:\/\/seroxy.eu\/de\/","name":"SerOxy","description":"Gemeinsam entdecken, denken und lachen.","potentialAction":[{"@type":"SearchAction","target":{"@type":"EntryPoint","urlTemplate":"https:\/\/seroxy.eu\/de\/?s={search_term_string}"},"query-input":{"@type":"PropertyValueSpecification","valueRequired":true,"valueName":"search_term_string"}}],"inLanguage":"en-US"}]}},"_links":{"self":[{"href":"https:\/\/seroxy.eu\/de\/wp-json\/wp\/v2\/pages\/39"}],"collection":[{"href":"https:\/\/seroxy.eu\/de\/wp-json\/wp\/v2\/pages"}],"about":[{"href":"https:\/\/seroxy.eu\/de\/wp-json\/wp\/v2\/types\/page"}],"author":[{"embeddable":true,"href":"https:\/\/seroxy.eu\/de\/wp-json\/wp\/v2\/users\/1"}],"replies":[{"embeddable":true,"href":"https:\/\/seroxy.eu\/de\/wp-json\/wp\/v2\/comments?post=39"}],"version-history":[{"count":0,"href":"https:\/\/seroxy.eu\/de\/wp-json\/wp\/v2\/pages\/39\/revisions"}],"wp:featuredmedia":[{"embeddable":true,"href":"https:\/\/seroxy.eu\/de\/wp-json\/wp\/v2\/media\/66"}],"wp:attachment":[{"href":"https:\/\/seroxy.eu\/de\/wp-json\/wp\/v2\/media?parent=39"}],"curies":[{"name":"wp","href":"https:\/\/api.w.org\/{rel}","templated":true}]}}