{"id":80,"date":"2017-07-04T09:02:57","date_gmt":"2017-07-04T09:02:57","guid":{"rendered":"http:\/\/seroxy.eu\/de\/?page_id=80"},"modified":"2017-07-04T09:02:57","modified_gmt":"2017-07-04T09:02:57","slug":"work-with-us","status":"publish","type":"page","link":"https:\/\/seroxy.eu\/de\/work-with-us\/","title":{"rendered":"WERBUNG"},"content":{"rendered":"<section class=\"company-preview\">\n<div class=\"container\">\n<div class=\"row mT60 mB50\">\n<div class=\"col-md-12\">\n<h2>Wie wir zusammenarbeiten k\u00f6nnen<\/h2>\n<p>Die Welt befindet sich im Wandel und sowohl Menschen als auch ihre Mentalit\u00e4t und Denkweise ver\u00e4ndern sich. Es ist daher als Ersteller verschiedenartiger Inhalte unsere Pflicht, auch die Art und Weise zu ver\u00e4ndern, wie Werbung funktioniert.<\/p>\n\n<\/div>\n<\/div>\n<div class=\"row mB80\">\n<div class=\"col-md-6\"><img decoding=\"async\" class=\"img-responsive\" src=\"https:\/\/seroxy.eu\/de\/wp-content\/uploads\/2017\/07\/advertisement-group.jpg\" alt=\"\" \/><\/div>\n<div class=\"col-md-6\">\n<div class=\"advertise-data\">\n\n<p>Wir von SerOxy bef\u00fcrworten und unterst\u00fctzen innovative Ans\u00e4tze und neue ethische und moralische Herangehensweisen an Gesch\u00e4ftsaktivit\u00e4ten in der Welt. Wir sind von einigen Werten angetrieben, die wir stets im Hinterkopf behalten, wenn wir \u00fcber den Wert einer potentiellen Partnerschaft entscheiden oder urteilen.<\/p>\n\n<p>Wir m\u00f6chten, dass unser Name mit Unternehmen in Verbindung gebracht wird, die die Grenzen des Machbaren \u00fcber das hinaus erweitern, was zuvor noch unvorstellbar schien. Unsere Inhalte behandeln von grundlegenden Themen wie gesundem Leben und Essen \u00fcber aktuelle wissenschaftliche und technische Entwicklungen bis hin zu vorsichtigen Ans\u00e4tzen im Bereich von Impulsk\u00e4ufen. Wir betreiben durch unsere Inhalte einen gro\u00dfen Aufwand, um hochwertige menschliche Beziehungen und wurderbare Erfahrungen zu schaffen, die wir im Rahmen unserer weltweiten Reisen, Recherchen und Studien sammeln und erleben.<\/p>\n\n<p>Wenn Ihre Vision nah an das herankommt, was wir gerade erkl\u00e4rt haben und wenn Sie glauben, dass wir Ihr Produkt aufwerten k\u00f6nnen, k\u00f6nnen SIe uns jederzeit kontaktieren. Gemeinsam k\u00f6nnen wir eine Statement setzen und die Welt um uns herum verbessern.<\/p>\n\n<\/div>\n<\/div>\n<\/div>\n<\/div>\n<\/section>\n","protected":false},"excerpt":{"rendered":"","protected":false},"author":1,"featured_media":99,"parent":0,"menu_order":0,"comment_status":"closed","ping_status":"closed","template":"advertisement.php","meta":{"_acf_changed":false,"inline_featured_image":false,"footnotes":""},"class_list":["post-80","page","type-page","status-publish","has-post-thumbnail","hentry"],"acf":[],"yoast_head":"<!-- This site is optimized with the Yoast SEO plugin v25.6 - https:\/\/yoast.com\/wordpress\/plugins\/seo\/ -->\n<title>WERBUNG - SerOxy<\/title>\n<meta name=\"robots\" content=\"index, follow, max-snippet:-1, max-image-preview:large, max-video-preview:-1\" \/>\n<link rel=\"canonical\" href=\"https:\/\/seroxy.eu\/de\/work-with-us\/\" \/>\n<meta property=\"og:locale\" content=\"en_US\" \/>\n<meta property=\"og:type\" content=\"article\" \/>\n<meta property=\"og:title\" content=\"WERBUNG - SerOxy\" \/>\n<meta property=\"og:url\" content=\"https:\/\/seroxy.eu\/de\/work-with-us\/\" \/>\n<meta property=\"og:site_name\" content=\"SerOxy\" \/>\n<meta name=\"twitter:card\" content=\"summary_large_image\" \/>\n<script type=\"application\/ld+json\" class=\"yoast-schema-graph\">{\"@context\":\"https:\/\/schema.org\",\"@graph\":[{\"@type\":\"WebPage\",\"@id\":\"https:\/\/seroxy.eu\/de\/work-with-us\/\",\"url\":\"https:\/\/seroxy.eu\/de\/work-with-us\/\",\"name\":\"WERBUNG - SerOxy\",\"isPartOf\":{\"@id\":\"https:\/\/seroxy.eu\/de\/#website\"},\"primaryImageOfPage\":{\"@id\":\"https:\/\/seroxy.eu\/de\/work-with-us\/#primaryimage\"},\"image\":{\"@id\":\"https:\/\/seroxy.eu\/de\/work-with-us\/#primaryimage\"},\"thumbnailUrl\":\"https:\/\/seroxy.eu\/de\/wp-content\/uploads\/sites\/4\/2017\/07\/advertise-header.jpg\",\"datePublished\":\"2017-07-04T09:02:57+00:00\",\"breadcrumb\":{\"@id\":\"https:\/\/seroxy.eu\/de\/work-with-us\/#breadcrumb\"},\"inLanguage\":\"en-US\",\"potentialAction\":[{\"@type\":\"ReadAction\",\"target\":[\"https:\/\/seroxy.eu\/de\/work-with-us\/\"]}]},{\"@type\":\"ImageObject\",\"inLanguage\":\"en-US\",\"@id\":\"https:\/\/seroxy.eu\/de\/work-with-us\/#primaryimage\",\"url\":\"https:\/\/seroxy.eu\/de\/wp-content\/uploads\/sites\/4\/2017\/07\/advertise-header.jpg\",\"contentUrl\":\"https:\/\/seroxy.eu\/de\/wp-content\/uploads\/sites\/4\/2017\/07\/advertise-header.jpg\",\"width\":1366,\"height\":384},{\"@type\":\"BreadcrumbList\",\"@id\":\"https:\/\/seroxy.eu\/de\/work-with-us\/#breadcrumb\",\"itemListElement\":[{\"@type\":\"ListItem\",\"position\":1,\"name\":\"Home\",\"item\":\"https:\/\/seroxy.eu\/de\/\"},{\"@type\":\"ListItem\",\"position\":2,\"name\":\"WERBUNG\"}]},{\"@type\":\"WebSite\",\"@id\":\"https:\/\/seroxy.eu\/de\/#website\",\"url\":\"https:\/\/seroxy.eu\/de\/\",\"name\":\"SerOxy\",\"description\":\"Gemeinsam entdecken, denken und lachen.\",\"potentialAction\":[{\"@type\":\"SearchAction\",\"target\":{\"@type\":\"EntryPoint\",\"urlTemplate\":\"https:\/\/seroxy.eu\/de\/?s={search_term_string}\"},\"query-input\":{\"@type\":\"PropertyValueSpecification\",\"valueRequired\":true,\"valueName\":\"search_term_string\"}}],\"inLanguage\":\"en-US\"}]}<\/script>\n<!-- \/ Yoast SEO plugin. -->","yoast_head_json":{"title":"WERBUNG - SerOxy","robots":{"index":"index","follow":"follow","max-snippet":"max-snippet:-1","max-image-preview":"max-image-preview:large","max-video-preview":"max-video-preview:-1"},"canonical":"https:\/\/seroxy.eu\/de\/work-with-us\/","og_locale":"en_US","og_type":"article","og_title":"WERBUNG - SerOxy","og_url":"https:\/\/seroxy.eu\/de\/work-with-us\/","og_site_name":"SerOxy","twitter_card":"summary_large_image","schema":{"@context":"https:\/\/schema.org","@graph":[{"@type":"WebPage","@id":"https:\/\/seroxy.eu\/de\/work-with-us\/","url":"https:\/\/seroxy.eu\/de\/work-with-us\/","name":"WERBUNG - SerOxy","isPartOf":{"@id":"https:\/\/seroxy.eu\/de\/#website"},"primaryImageOfPage":{"@id":"https:\/\/seroxy.eu\/de\/work-with-us\/#primaryimage"},"image":{"@id":"https:\/\/seroxy.eu\/de\/work-with-us\/#primaryimage"},"thumbnailUrl":"https:\/\/seroxy.eu\/de\/wp-content\/uploads\/sites\/4\/2017\/07\/advertise-header.jpg","datePublished":"2017-07-04T09:02:57+00:00","breadcrumb":{"@id":"https:\/\/seroxy.eu\/de\/work-with-us\/#breadcrumb"},"inLanguage":"en-US","potentialAction":[{"@type":"ReadAction","target":["https:\/\/seroxy.eu\/de\/work-with-us\/"]}]},{"@type":"ImageObject","inLanguage":"en-US","@id":"https:\/\/seroxy.eu\/de\/work-with-us\/#primaryimage","url":"https:\/\/seroxy.eu\/de\/wp-content\/uploads\/sites\/4\/2017\/07\/advertise-header.jpg","contentUrl":"https:\/\/seroxy.eu\/de\/wp-content\/uploads\/sites\/4\/2017\/07\/advertise-header.jpg","width":1366,"height":384},{"@type":"BreadcrumbList","@id":"https:\/\/seroxy.eu\/de\/work-with-us\/#breadcrumb","itemListElement":[{"@type":"ListItem","position":1,"name":"Home","item":"https:\/\/seroxy.eu\/de\/"},{"@type":"ListItem","position":2,"name":"WERBUNG"}]},{"@type":"WebSite","@id":"https:\/\/seroxy.eu\/de\/#website","url":"https:\/\/seroxy.eu\/de\/","name":"SerOxy","description":"Gemeinsam entdecken, denken und lachen.","potentialAction":[{"@type":"SearchAction","target":{"@type":"EntryPoint","urlTemplate":"https:\/\/seroxy.eu\/de\/?s={search_term_string}"},"query-input":{"@type":"PropertyValueSpecification","valueRequired":true,"valueName":"search_term_string"}}],"inLanguage":"en-US"}]}},"_links":{"self":[{"href":"https:\/\/seroxy.eu\/de\/wp-json\/wp\/v2\/pages\/80"}],"collection":[{"href":"https:\/\/seroxy.eu\/de\/wp-json\/wp\/v2\/pages"}],"about":[{"href":"https:\/\/seroxy.eu\/de\/wp-json\/wp\/v2\/types\/page"}],"author":[{"embeddable":true,"href":"https:\/\/seroxy.eu\/de\/wp-json\/wp\/v2\/users\/1"}],"replies":[{"embeddable":true,"href":"https:\/\/seroxy.eu\/de\/wp-json\/wp\/v2\/comments?post=80"}],"version-history":[{"count":0,"href":"https:\/\/seroxy.eu\/de\/wp-json\/wp\/v2\/pages\/80\/revisions"}],"wp:featuredmedia":[{"embeddable":true,"href":"https:\/\/seroxy.eu\/de\/wp-json\/wp\/v2\/media\/99"}],"wp:attachment":[{"href":"https:\/\/seroxy.eu\/de\/wp-json\/wp\/v2\/media?parent=80"}],"curies":[{"name":"wp","href":"https:\/\/api.w.org\/{rel}","templated":true}]}}