{"id":80,"date":"2017-07-04T09:02:57","date_gmt":"2017-07-04T09:02:57","guid":{"rendered":"http:\/\/seroxy.eu\/?page_id=80"},"modified":"2017-07-04T09:02:57","modified_gmt":"2017-07-04T09:02:57","slug":"work-with-us","status":"publish","type":"page","link":"https:\/\/seroxy.eu\/es\/work-with-us\/","title":{"rendered":"PUBLICIDAD"},"content":{"rendered":"<section class=\"company-preview\">\n<div class=\"container\">\n<div class=\"row mT60 mB50\">\n<div class=\"col-md-12\">\n<h2>C\u00f3mo podemos trabajar juntos<\/h2>\n<p>Debido a que el mundo est\u00e1 cambiando, tanto las personas como sus formas de pensar est\u00e1n cambiando. Es, por lo tanto, nuestro deber como creadores de contenido cambiar el paradigma de la publicidad.<\/p>\n\n<\/div>\n<\/div>\n<div class=\"row mB80\">\n<div class=\"col-md-6\"><img decoding=\"async\" class=\"img-responsive\" src=\"https:\/\/seroxy.eu\/wp-content\/uploads\/2017\/07\/advertisement-group.jpg\" alt=\"\" \/><\/div>\n<div class=\"col-md-6\">\n<div class=\"advertise-data\">\n\n<p>Aqu\u00ed, en SerOxy, fomentaremos enfoques innovadores, as\u00ed como nuevas y m\u00e1s \u00e9ticas formas de hacer negocios en el mundo. Nos guiamos por unos pocos valores que tendremos en cuenta al juzgar el valor de una posible asociaci\u00f3n.<\/p>\n\n<p>Nos gustar\u00eda tener nuestro nombre junto a compa\u00f1\u00edas que est\u00e1n empujando los l\u00edmites de las posibilidades hacia lo que parec\u00eda imposible no hace mucho. Nuestro contenido toca temas cruciales como la vida y la alimentaci\u00f3n saludable, los \u00faltimos desarrollos cient\u00edficos y tecnol\u00f3gicos, y un enfoque moderado y cauteloso de las compras impulsivas. Invertir en la creaci\u00f3n de conexiones humanas de calidad, as\u00ed como la maravillosa experiencia que podemos adquirir al viajar, leer y estudiar diversas \u00e1reas del mundo son otros asuntos que aborda nuestro contenido.<\/p>\n\n<p>Por tanto, si tu visi\u00f3n es cercana a lo que acabamos de explicar y si crees que podemos agregar valor a tu marca, no dudes en contactarnos. Juntos podr\u00edamos dejar una huella en el mundo que nos rodea.<\/p>\n\n<\/div>\n<\/div>\n<\/div>\n<\/div>\n<\/section>\n","protected":false},"excerpt":{"rendered":"","protected":false},"author":1,"featured_media":99,"parent":0,"menu_order":0,"comment_status":"closed","ping_status":"closed","template":"advertisement.php","meta":{"_acf_changed":false,"inline_featured_image":false,"footnotes":""},"class_list":["post-80","page","type-page","status-publish","has-post-thumbnail","hentry"],"acf":[],"yoast_head":"<!-- This site is optimized with the Yoast SEO plugin v25.6 - https:\/\/yoast.com\/wordpress\/plugins\/seo\/ -->\n<title>PUBLICIDAD - SerOxy<\/title>\n<meta name=\"robots\" content=\"index, follow, max-snippet:-1, max-image-preview:large, max-video-preview:-1\" \/>\n<link rel=\"canonical\" href=\"https:\/\/seroxy.eu\/es\/work-with-us\/\" \/>\n<meta property=\"og:locale\" content=\"en_US\" \/>\n<meta property=\"og:type\" content=\"article\" \/>\n<meta property=\"og:title\" content=\"PUBLICIDAD - SerOxy\" \/>\n<meta property=\"og:url\" content=\"https:\/\/seroxy.eu\/es\/work-with-us\/\" \/>\n<meta property=\"og:site_name\" content=\"SerOxy\" \/>\n<meta name=\"twitter:card\" content=\"summary_large_image\" \/>\n<script type=\"application\/ld+json\" class=\"yoast-schema-graph\">{\"@context\":\"https:\/\/schema.org\",\"@graph\":[{\"@type\":\"WebPage\",\"@id\":\"https:\/\/seroxy.eu\/es\/work-with-us\/\",\"url\":\"https:\/\/seroxy.eu\/es\/work-with-us\/\",\"name\":\"PUBLICIDAD - SerOxy\",\"isPartOf\":{\"@id\":\"https:\/\/seroxy.eu\/es\/#website\"},\"primaryImageOfPage\":{\"@id\":\"https:\/\/seroxy.eu\/es\/work-with-us\/#primaryimage\"},\"image\":{\"@id\":\"https:\/\/seroxy.eu\/es\/work-with-us\/#primaryimage\"},\"thumbnailUrl\":\"https:\/\/seroxy.eu\/es\/wp-content\/uploads\/sites\/3\/2017\/07\/advertise-header.jpg\",\"datePublished\":\"2017-07-04T09:02:57+00:00\",\"breadcrumb\":{\"@id\":\"https:\/\/seroxy.eu\/es\/work-with-us\/#breadcrumb\"},\"inLanguage\":\"en-US\",\"potentialAction\":[{\"@type\":\"ReadAction\",\"target\":[\"https:\/\/seroxy.eu\/es\/work-with-us\/\"]}]},{\"@type\":\"ImageObject\",\"inLanguage\":\"en-US\",\"@id\":\"https:\/\/seroxy.eu\/es\/work-with-us\/#primaryimage\",\"url\":\"https:\/\/seroxy.eu\/es\/wp-content\/uploads\/sites\/3\/2017\/07\/advertise-header.jpg\",\"contentUrl\":\"https:\/\/seroxy.eu\/es\/wp-content\/uploads\/sites\/3\/2017\/07\/advertise-header.jpg\",\"width\":1366,\"height\":384},{\"@type\":\"BreadcrumbList\",\"@id\":\"https:\/\/seroxy.eu\/es\/work-with-us\/#breadcrumb\",\"itemListElement\":[{\"@type\":\"ListItem\",\"position\":1,\"name\":\"Home\",\"item\":\"https:\/\/seroxy.eu\/es\/\"},{\"@type\":\"ListItem\",\"position\":2,\"name\":\"PUBLICIDAD\"}]},{\"@type\":\"WebSite\",\"@id\":\"https:\/\/seroxy.eu\/es\/#website\",\"url\":\"https:\/\/seroxy.eu\/es\/\",\"name\":\"SerOxy\",\"description\":\"Descubrir, pensar y sonre\u00edr juntos.\",\"potentialAction\":[{\"@type\":\"SearchAction\",\"target\":{\"@type\":\"EntryPoint\",\"urlTemplate\":\"https:\/\/seroxy.eu\/es\/?s={search_term_string}\"},\"query-input\":{\"@type\":\"PropertyValueSpecification\",\"valueRequired\":true,\"valueName\":\"search_term_string\"}}],\"inLanguage\":\"en-US\"}]}<\/script>\n<!-- \/ Yoast SEO plugin. -->","yoast_head_json":{"title":"PUBLICIDAD - SerOxy","robots":{"index":"index","follow":"follow","max-snippet":"max-snippet:-1","max-image-preview":"max-image-preview:large","max-video-preview":"max-video-preview:-1"},"canonical":"https:\/\/seroxy.eu\/es\/work-with-us\/","og_locale":"en_US","og_type":"article","og_title":"PUBLICIDAD - SerOxy","og_url":"https:\/\/seroxy.eu\/es\/work-with-us\/","og_site_name":"SerOxy","twitter_card":"summary_large_image","schema":{"@context":"https:\/\/schema.org","@graph":[{"@type":"WebPage","@id":"https:\/\/seroxy.eu\/es\/work-with-us\/","url":"https:\/\/seroxy.eu\/es\/work-with-us\/","name":"PUBLICIDAD - SerOxy","isPartOf":{"@id":"https:\/\/seroxy.eu\/es\/#website"},"primaryImageOfPage":{"@id":"https:\/\/seroxy.eu\/es\/work-with-us\/#primaryimage"},"image":{"@id":"https:\/\/seroxy.eu\/es\/work-with-us\/#primaryimage"},"thumbnailUrl":"https:\/\/seroxy.eu\/es\/wp-content\/uploads\/sites\/3\/2017\/07\/advertise-header.jpg","datePublished":"2017-07-04T09:02:57+00:00","breadcrumb":{"@id":"https:\/\/seroxy.eu\/es\/work-with-us\/#breadcrumb"},"inLanguage":"en-US","potentialAction":[{"@type":"ReadAction","target":["https:\/\/seroxy.eu\/es\/work-with-us\/"]}]},{"@type":"ImageObject","inLanguage":"en-US","@id":"https:\/\/seroxy.eu\/es\/work-with-us\/#primaryimage","url":"https:\/\/seroxy.eu\/es\/wp-content\/uploads\/sites\/3\/2017\/07\/advertise-header.jpg","contentUrl":"https:\/\/seroxy.eu\/es\/wp-content\/uploads\/sites\/3\/2017\/07\/advertise-header.jpg","width":1366,"height":384},{"@type":"BreadcrumbList","@id":"https:\/\/seroxy.eu\/es\/work-with-us\/#breadcrumb","itemListElement":[{"@type":"ListItem","position":1,"name":"Home","item":"https:\/\/seroxy.eu\/es\/"},{"@type":"ListItem","position":2,"name":"PUBLICIDAD"}]},{"@type":"WebSite","@id":"https:\/\/seroxy.eu\/es\/#website","url":"https:\/\/seroxy.eu\/es\/","name":"SerOxy","description":"Descubrir, pensar y sonre\u00edr juntos.","potentialAction":[{"@type":"SearchAction","target":{"@type":"EntryPoint","urlTemplate":"https:\/\/seroxy.eu\/es\/?s={search_term_string}"},"query-input":{"@type":"PropertyValueSpecification","valueRequired":true,"valueName":"search_term_string"}}],"inLanguage":"en-US"}]}},"_links":{"self":[{"href":"https:\/\/seroxy.eu\/es\/wp-json\/wp\/v2\/pages\/80"}],"collection":[{"href":"https:\/\/seroxy.eu\/es\/wp-json\/wp\/v2\/pages"}],"about":[{"href":"https:\/\/seroxy.eu\/es\/wp-json\/wp\/v2\/types\/page"}],"author":[{"embeddable":true,"href":"https:\/\/seroxy.eu\/es\/wp-json\/wp\/v2\/users\/1"}],"replies":[{"embeddable":true,"href":"https:\/\/seroxy.eu\/es\/wp-json\/wp\/v2\/comments?post=80"}],"version-history":[{"count":0,"href":"https:\/\/seroxy.eu\/es\/wp-json\/wp\/v2\/pages\/80\/revisions"}],"wp:featuredmedia":[{"embeddable":true,"href":"https:\/\/seroxy.eu\/es\/wp-json\/wp\/v2\/media\/99"}],"wp:attachment":[{"href":"https:\/\/seroxy.eu\/es\/wp-json\/wp\/v2\/media?parent=80"}],"curies":[{"name":"wp","href":"https:\/\/api.w.org\/{rel}","templated":true}]}}