{"id":39,"date":"2017-07-03T11:13:27","date_gmt":"2017-07-03T11:13:27","guid":{"rendered":"http:\/\/seroxy.eu\/?page_id=39"},"modified":"2017-07-03T11:13:27","modified_gmt":"2017-07-03T11:13:27","slug":"about-us","status":"publish","type":"page","link":"https:\/\/seroxy.eu\/fr\/about-us\/","title":{"rendered":"\u00c0 PROPOS DE NOUS"},"content":{"rendered":"<p><section class=\"company-preview\">\n<div class=\"container\">\n<div class=\"row mT60 mB50\">\n<div class=\"col-md-12\">\n<h2>Une entreprise de \"multiplicateurs\"<\/h2>\n<p>\"Aucun d'entre nous n'est aussi intelligent que nous tous\" -Ken Blanchard<\/p>\n\n<\/div>\n<\/div>\n<div class=\"row mB20\">\n<div class=\"col-md-12\">\n<div class=\"company-data\">\n\n<p>S'adresser \u00e0 des millions d'utilisateurs chaque mois n'est pas une t\u00e2che facile et c'est la raison pour laquelle les personnes qui g\u00e8rent la plate-forme num\u00e9rique SerOxy sont align\u00e9es sur les valeurs auxquelles nous croyons.<\/p>\n\n<p>Nous avons fond\u00e9 cette entreprise parce que nous \u00e9tions de tr\u00e8s bons amis et que nous aimions faire des choses ensemble. L'objectif final a \u00e9t\u00e9 fa\u00e7onn\u00e9 au fil du temps et il a \u00e9t\u00e9 atteint naturellement pendant que nous progressions dans notre voyage.<\/p>\n\n<p>Nous n'avons pas perdu la joie de nous r\u00e9unir, d'aider et de partager pendant que notre \u00e9quipe s'agrandissait, et c'est la pierre angulaire de toute notre activit\u00e9.<\/p>\n\n<\/div>\n<\/div>\n<!--<div class=\"col-md-6\"><img decoding=\"async\" class=\"img-responsive\" src=\"https:\/\/seroxy.eu\/wp-content\/uploads\/2017\/07\/group.jpg\" alt=\"\" \/><\/div>-->\n<\/div>\n<\/div>\n<\/section><br \/>\n<!--[block id=\"152\" title=\"INTRO VIDEO (About US)\"]--><\/p>\n","protected":false},"excerpt":{"rendered":"","protected":false},"author":1,"featured_media":66,"parent":0,"menu_order":0,"comment_status":"closed","ping_status":"closed","template":"about_us.php","meta":{"_acf_changed":false,"inline_featured_image":false,"footnotes":""},"class_list":["post-39","page","type-page","status-publish","has-post-thumbnail","hentry"],"acf":[],"yoast_head":"<!-- This site is optimized with the Yoast SEO plugin v25.6 - https:\/\/yoast.com\/wordpress\/plugins\/seo\/ -->\n<title>\u00c0 PROPOS DE NOUS - SerOxy<\/title>\n<meta name=\"robots\" content=\"index, follow, max-snippet:-1, max-image-preview:large, max-video-preview:-1\" \/>\n<link rel=\"canonical\" href=\"https:\/\/seroxy.eu\/fr\/about-us\/\" \/>\n<meta property=\"og:locale\" content=\"en_US\" \/>\n<meta property=\"og:type\" content=\"article\" \/>\n<meta property=\"og:title\" content=\"\u00c0 PROPOS DE NOUS - SerOxy\" \/>\n<meta property=\"og:url\" content=\"https:\/\/seroxy.eu\/fr\/about-us\/\" \/>\n<meta property=\"og:site_name\" content=\"SerOxy\" \/>\n<meta name=\"twitter:card\" content=\"summary_large_image\" \/>\n<script type=\"application\/ld+json\" class=\"yoast-schema-graph\">{\"@context\":\"https:\/\/schema.org\",\"@graph\":[{\"@type\":\"WebPage\",\"@id\":\"https:\/\/seroxy.eu\/fr\/about-us\/\",\"url\":\"https:\/\/seroxy.eu\/fr\/about-us\/\",\"name\":\"\u00c0 PROPOS DE NOUS - SerOxy\",\"isPartOf\":{\"@id\":\"https:\/\/seroxy.eu\/fr\/#website\"},\"primaryImageOfPage\":{\"@id\":\"https:\/\/seroxy.eu\/fr\/about-us\/#primaryimage\"},\"image\":{\"@id\":\"https:\/\/seroxy.eu\/fr\/about-us\/#primaryimage\"},\"thumbnailUrl\":\"https:\/\/seroxy.eu\/fr\/wp-content\/uploads\/sites\/2\/2017\/07\/about-header.jpg\",\"datePublished\":\"2017-07-03T11:13:27+00:00\",\"breadcrumb\":{\"@id\":\"https:\/\/seroxy.eu\/fr\/about-us\/#breadcrumb\"},\"inLanguage\":\"en-US\",\"potentialAction\":[{\"@type\":\"ReadAction\",\"target\":[\"https:\/\/seroxy.eu\/fr\/about-us\/\"]}]},{\"@type\":\"ImageObject\",\"inLanguage\":\"en-US\",\"@id\":\"https:\/\/seroxy.eu\/fr\/about-us\/#primaryimage\",\"url\":\"https:\/\/seroxy.eu\/fr\/wp-content\/uploads\/sites\/2\/2017\/07\/about-header.jpg\",\"contentUrl\":\"https:\/\/seroxy.eu\/fr\/wp-content\/uploads\/sites\/2\/2017\/07\/about-header.jpg\",\"width\":1366,\"height\":386},{\"@type\":\"BreadcrumbList\",\"@id\":\"https:\/\/seroxy.eu\/fr\/about-us\/#breadcrumb\",\"itemListElement\":[{\"@type\":\"ListItem\",\"position\":1,\"name\":\"Home\",\"item\":\"https:\/\/seroxy.eu\/fr\/\"},{\"@type\":\"ListItem\",\"position\":2,\"name\":\"\u00c0 PROPOS DE NOUS\"}]},{\"@type\":\"WebSite\",\"@id\":\"https:\/\/seroxy.eu\/fr\/#website\",\"url\":\"https:\/\/seroxy.eu\/fr\/\",\"name\":\"SerOxy\",\"description\":\"D\u00e9couvrir, penser et sourire ensemble.\",\"potentialAction\":[{\"@type\":\"SearchAction\",\"target\":{\"@type\":\"EntryPoint\",\"urlTemplate\":\"https:\/\/seroxy.eu\/fr\/?s={search_term_string}\"},\"query-input\":{\"@type\":\"PropertyValueSpecification\",\"valueRequired\":true,\"valueName\":\"search_term_string\"}}],\"inLanguage\":\"en-US\"}]}<\/script>\n<!-- \/ Yoast SEO plugin. -->","yoast_head_json":{"title":"\u00c0 PROPOS DE NOUS - SerOxy","robots":{"index":"index","follow":"follow","max-snippet":"max-snippet:-1","max-image-preview":"max-image-preview:large","max-video-preview":"max-video-preview:-1"},"canonical":"https:\/\/seroxy.eu\/fr\/about-us\/","og_locale":"en_US","og_type":"article","og_title":"\u00c0 PROPOS DE NOUS - SerOxy","og_url":"https:\/\/seroxy.eu\/fr\/about-us\/","og_site_name":"SerOxy","twitter_card":"summary_large_image","schema":{"@context":"https:\/\/schema.org","@graph":[{"@type":"WebPage","@id":"https:\/\/seroxy.eu\/fr\/about-us\/","url":"https:\/\/seroxy.eu\/fr\/about-us\/","name":"\u00c0 PROPOS DE NOUS - SerOxy","isPartOf":{"@id":"https:\/\/seroxy.eu\/fr\/#website"},"primaryImageOfPage":{"@id":"https:\/\/seroxy.eu\/fr\/about-us\/#primaryimage"},"image":{"@id":"https:\/\/seroxy.eu\/fr\/about-us\/#primaryimage"},"thumbnailUrl":"https:\/\/seroxy.eu\/fr\/wp-content\/uploads\/sites\/2\/2017\/07\/about-header.jpg","datePublished":"2017-07-03T11:13:27+00:00","breadcrumb":{"@id":"https:\/\/seroxy.eu\/fr\/about-us\/#breadcrumb"},"inLanguage":"en-US","potentialAction":[{"@type":"ReadAction","target":["https:\/\/seroxy.eu\/fr\/about-us\/"]}]},{"@type":"ImageObject","inLanguage":"en-US","@id":"https:\/\/seroxy.eu\/fr\/about-us\/#primaryimage","url":"https:\/\/seroxy.eu\/fr\/wp-content\/uploads\/sites\/2\/2017\/07\/about-header.jpg","contentUrl":"https:\/\/seroxy.eu\/fr\/wp-content\/uploads\/sites\/2\/2017\/07\/about-header.jpg","width":1366,"height":386},{"@type":"BreadcrumbList","@id":"https:\/\/seroxy.eu\/fr\/about-us\/#breadcrumb","itemListElement":[{"@type":"ListItem","position":1,"name":"Home","item":"https:\/\/seroxy.eu\/fr\/"},{"@type":"ListItem","position":2,"name":"\u00c0 PROPOS DE NOUS"}]},{"@type":"WebSite","@id":"https:\/\/seroxy.eu\/fr\/#website","url":"https:\/\/seroxy.eu\/fr\/","name":"SerOxy","description":"D\u00e9couvrir, penser et sourire ensemble.","potentialAction":[{"@type":"SearchAction","target":{"@type":"EntryPoint","urlTemplate":"https:\/\/seroxy.eu\/fr\/?s={search_term_string}"},"query-input":{"@type":"PropertyValueSpecification","valueRequired":true,"valueName":"search_term_string"}}],"inLanguage":"en-US"}]}},"_links":{"self":[{"href":"https:\/\/seroxy.eu\/fr\/wp-json\/wp\/v2\/pages\/39"}],"collection":[{"href":"https:\/\/seroxy.eu\/fr\/wp-json\/wp\/v2\/pages"}],"about":[{"href":"https:\/\/seroxy.eu\/fr\/wp-json\/wp\/v2\/types\/page"}],"author":[{"embeddable":true,"href":"https:\/\/seroxy.eu\/fr\/wp-json\/wp\/v2\/users\/1"}],"replies":[{"embeddable":true,"href":"https:\/\/seroxy.eu\/fr\/wp-json\/wp\/v2\/comments?post=39"}],"version-history":[{"count":0,"href":"https:\/\/seroxy.eu\/fr\/wp-json\/wp\/v2\/pages\/39\/revisions"}],"wp:featuredmedia":[{"embeddable":true,"href":"https:\/\/seroxy.eu\/fr\/wp-json\/wp\/v2\/media\/66"}],"wp:attachment":[{"href":"https:\/\/seroxy.eu\/fr\/wp-json\/wp\/v2\/media?parent=39"}],"curies":[{"name":"wp","href":"https:\/\/api.w.org\/{rel}","templated":true}]}}