{"id":80,"date":"2017-07-04T09:02:57","date_gmt":"2017-07-04T09:02:57","guid":{"rendered":"http:\/\/seroxy.eu\/?page_id=80"},"modified":"2017-07-04T09:02:57","modified_gmt":"2017-07-04T09:02:57","slug":"work-with-us","status":"publish","type":"page","link":"https:\/\/seroxy.eu\/fr\/work-with-us\/","title":{"rendered":"PUBLICIT\u00c9"},"content":{"rendered":"<section class=\"company-preview\">\n<div class=\"container\">\n<div class=\"row mT60 mB50\">\n<div class=\"col-md-12\">\n<h2>Comment pouvons-nous travailler ensemble ?<\/h2>\n<p>Parce que le monde change, les gens et leurs mentalit\u00e9s changent. Il est donc de notre devoir en tant que cr\u00e9ateurs de contenu de changer le paradigme de la publicit\u00e9.<\/p>\n\n<\/div>\n<\/div>\n<div class=\"row mB80\">\n<div class=\"col-md-6\"><img decoding=\"async\" class=\"img-responsive\" src=\"https:\/\/seroxy.eu\/wp-content\/uploads\/2017\/07\/advertisement-group.jpg\" alt=\"\" \/><\/div>\n<div class=\"col-md-6\">\n<div class=\"advertise-data\">\n\n<p>Chez SerOxy, nous encouragerons les approches innovantes, ainsi que de nouvelles fa\u00e7ons plus \u00e9thiques de faire des affaires dans le monde. Nous sommes guid\u00e9s par quelques valeurs que nous garderons \u00e0 l\u2019esprit lorsque nous \u00e9valuerons la valeur d\u2019un partenariat potentiel.<\/p>\n\n<p>Nous aimerions avoir notre nom aux c\u00f4t\u00e9s des entreprises qui repoussent les limites du possible vers ce qui semblait nagu\u00e8re impossible. Notre contenu aborde des questions cruciales telles que le mode de vie et l\u2019alimentation saine, les derni\u00e8res avanc\u00e9es scientifiques et technologiques, ainsi qu'une approche mod\u00e9r\u00e9e et prudente des achats impulsifs. Investir dans la cr\u00e9ation de liens sociaux de qualit\u00e9, profiter de la merveilleuse exp\u00e9rience que nous pouvons acqu\u00e9rir en voyageant, en lisant et en \u00e9tudiant diverses r\u00e9gions du monde, sont d\u2019autres sujets abord\u00e9s \u00e0 travers notre contenu.<\/p>\n\n<p>Par cons\u00e9quent, si votre vision est proche de celle que nous venons d'expliquer, et si vous pensez que nous pouvons ajouter de la valeur \u00e0 votre marque, n'h\u00e9sitez pas \u00e0 nous contacter. Ensemble, nous pourrions peut-\u00eatre laisser une marque sur le monde qui nous entoure.<\/p>\n\n<\/div>\n<\/div>\n<\/div>\n<\/div>\n<\/section>\n","protected":false},"excerpt":{"rendered":"","protected":false},"author":1,"featured_media":99,"parent":0,"menu_order":0,"comment_status":"closed","ping_status":"closed","template":"advertisement.php","meta":{"_acf_changed":false,"inline_featured_image":false,"footnotes":""},"class_list":["post-80","page","type-page","status-publish","has-post-thumbnail","hentry"],"acf":[],"yoast_head":"<!-- This site is optimized with the Yoast SEO plugin v25.6 - https:\/\/yoast.com\/wordpress\/plugins\/seo\/ -->\n<title>PUBLICIT\u00c9 - SerOxy<\/title>\n<meta name=\"robots\" content=\"index, follow, max-snippet:-1, max-image-preview:large, max-video-preview:-1\" \/>\n<link rel=\"canonical\" href=\"https:\/\/seroxy.eu\/fr\/work-with-us\/\" \/>\n<meta property=\"og:locale\" content=\"en_US\" \/>\n<meta property=\"og:type\" content=\"article\" \/>\n<meta property=\"og:title\" content=\"PUBLICIT\u00c9 - SerOxy\" \/>\n<meta property=\"og:url\" content=\"https:\/\/seroxy.eu\/fr\/work-with-us\/\" \/>\n<meta property=\"og:site_name\" content=\"SerOxy\" \/>\n<meta name=\"twitter:card\" content=\"summary_large_image\" \/>\n<script type=\"application\/ld+json\" class=\"yoast-schema-graph\">{\"@context\":\"https:\/\/schema.org\",\"@graph\":[{\"@type\":\"WebPage\",\"@id\":\"https:\/\/seroxy.eu\/fr\/work-with-us\/\",\"url\":\"https:\/\/seroxy.eu\/fr\/work-with-us\/\",\"name\":\"PUBLICIT\u00c9 - SerOxy\",\"isPartOf\":{\"@id\":\"https:\/\/seroxy.eu\/fr\/#website\"},\"primaryImageOfPage\":{\"@id\":\"https:\/\/seroxy.eu\/fr\/work-with-us\/#primaryimage\"},\"image\":{\"@id\":\"https:\/\/seroxy.eu\/fr\/work-with-us\/#primaryimage\"},\"thumbnailUrl\":\"https:\/\/seroxy.eu\/fr\/wp-content\/uploads\/sites\/2\/2017\/07\/advertise-header.jpg\",\"datePublished\":\"2017-07-04T09:02:57+00:00\",\"breadcrumb\":{\"@id\":\"https:\/\/seroxy.eu\/fr\/work-with-us\/#breadcrumb\"},\"inLanguage\":\"en-US\",\"potentialAction\":[{\"@type\":\"ReadAction\",\"target\":[\"https:\/\/seroxy.eu\/fr\/work-with-us\/\"]}]},{\"@type\":\"ImageObject\",\"inLanguage\":\"en-US\",\"@id\":\"https:\/\/seroxy.eu\/fr\/work-with-us\/#primaryimage\",\"url\":\"https:\/\/seroxy.eu\/fr\/wp-content\/uploads\/sites\/2\/2017\/07\/advertise-header.jpg\",\"contentUrl\":\"https:\/\/seroxy.eu\/fr\/wp-content\/uploads\/sites\/2\/2017\/07\/advertise-header.jpg\",\"width\":1366,\"height\":384},{\"@type\":\"BreadcrumbList\",\"@id\":\"https:\/\/seroxy.eu\/fr\/work-with-us\/#breadcrumb\",\"itemListElement\":[{\"@type\":\"ListItem\",\"position\":1,\"name\":\"Home\",\"item\":\"https:\/\/seroxy.eu\/fr\/\"},{\"@type\":\"ListItem\",\"position\":2,\"name\":\"PUBLICIT\u00c9\"}]},{\"@type\":\"WebSite\",\"@id\":\"https:\/\/seroxy.eu\/fr\/#website\",\"url\":\"https:\/\/seroxy.eu\/fr\/\",\"name\":\"SerOxy\",\"description\":\"D\u00e9couvrir, penser et sourire ensemble.\",\"potentialAction\":[{\"@type\":\"SearchAction\",\"target\":{\"@type\":\"EntryPoint\",\"urlTemplate\":\"https:\/\/seroxy.eu\/fr\/?s={search_term_string}\"},\"query-input\":{\"@type\":\"PropertyValueSpecification\",\"valueRequired\":true,\"valueName\":\"search_term_string\"}}],\"inLanguage\":\"en-US\"}]}<\/script>\n<!-- \/ Yoast SEO plugin. -->","yoast_head_json":{"title":"PUBLICIT\u00c9 - SerOxy","robots":{"index":"index","follow":"follow","max-snippet":"max-snippet:-1","max-image-preview":"max-image-preview:large","max-video-preview":"max-video-preview:-1"},"canonical":"https:\/\/seroxy.eu\/fr\/work-with-us\/","og_locale":"en_US","og_type":"article","og_title":"PUBLICIT\u00c9 - SerOxy","og_url":"https:\/\/seroxy.eu\/fr\/work-with-us\/","og_site_name":"SerOxy","twitter_card":"summary_large_image","schema":{"@context":"https:\/\/schema.org","@graph":[{"@type":"WebPage","@id":"https:\/\/seroxy.eu\/fr\/work-with-us\/","url":"https:\/\/seroxy.eu\/fr\/work-with-us\/","name":"PUBLICIT\u00c9 - SerOxy","isPartOf":{"@id":"https:\/\/seroxy.eu\/fr\/#website"},"primaryImageOfPage":{"@id":"https:\/\/seroxy.eu\/fr\/work-with-us\/#primaryimage"},"image":{"@id":"https:\/\/seroxy.eu\/fr\/work-with-us\/#primaryimage"},"thumbnailUrl":"https:\/\/seroxy.eu\/fr\/wp-content\/uploads\/sites\/2\/2017\/07\/advertise-header.jpg","datePublished":"2017-07-04T09:02:57+00:00","breadcrumb":{"@id":"https:\/\/seroxy.eu\/fr\/work-with-us\/#breadcrumb"},"inLanguage":"en-US","potentialAction":[{"@type":"ReadAction","target":["https:\/\/seroxy.eu\/fr\/work-with-us\/"]}]},{"@type":"ImageObject","inLanguage":"en-US","@id":"https:\/\/seroxy.eu\/fr\/work-with-us\/#primaryimage","url":"https:\/\/seroxy.eu\/fr\/wp-content\/uploads\/sites\/2\/2017\/07\/advertise-header.jpg","contentUrl":"https:\/\/seroxy.eu\/fr\/wp-content\/uploads\/sites\/2\/2017\/07\/advertise-header.jpg","width":1366,"height":384},{"@type":"BreadcrumbList","@id":"https:\/\/seroxy.eu\/fr\/work-with-us\/#breadcrumb","itemListElement":[{"@type":"ListItem","position":1,"name":"Home","item":"https:\/\/seroxy.eu\/fr\/"},{"@type":"ListItem","position":2,"name":"PUBLICIT\u00c9"}]},{"@type":"WebSite","@id":"https:\/\/seroxy.eu\/fr\/#website","url":"https:\/\/seroxy.eu\/fr\/","name":"SerOxy","description":"D\u00e9couvrir, penser et sourire ensemble.","potentialAction":[{"@type":"SearchAction","target":{"@type":"EntryPoint","urlTemplate":"https:\/\/seroxy.eu\/fr\/?s={search_term_string}"},"query-input":{"@type":"PropertyValueSpecification","valueRequired":true,"valueName":"search_term_string"}}],"inLanguage":"en-US"}]}},"_links":{"self":[{"href":"https:\/\/seroxy.eu\/fr\/wp-json\/wp\/v2\/pages\/80"}],"collection":[{"href":"https:\/\/seroxy.eu\/fr\/wp-json\/wp\/v2\/pages"}],"about":[{"href":"https:\/\/seroxy.eu\/fr\/wp-json\/wp\/v2\/types\/page"}],"author":[{"embeddable":true,"href":"https:\/\/seroxy.eu\/fr\/wp-json\/wp\/v2\/users\/1"}],"replies":[{"embeddable":true,"href":"https:\/\/seroxy.eu\/fr\/wp-json\/wp\/v2\/comments?post=80"}],"version-history":[{"count":0,"href":"https:\/\/seroxy.eu\/fr\/wp-json\/wp\/v2\/pages\/80\/revisions"}],"wp:featuredmedia":[{"embeddable":true,"href":"https:\/\/seroxy.eu\/fr\/wp-json\/wp\/v2\/media\/99"}],"wp:attachment":[{"href":"https:\/\/seroxy.eu\/fr\/wp-json\/wp\/v2\/media?parent=80"}],"curies":[{"name":"wp","href":"https:\/\/api.w.org\/{rel}","templated":true}]}}