{"id":101,"date":"2017-07-05T05:29:10","date_gmt":"2017-07-05T05:29:10","guid":{"rendered":"http:\/\/seroxy.eu\/?page_id=101"},"modified":"2017-07-05T05:29:10","modified_gmt":"2017-07-05T05:29:10","slug":"contact-us","status":"publish","type":"page","link":"https:\/\/seroxy.eu\/pl\/contact-us\/","title":{"rendered":"SKONTAKTUJ SI\u0118 Z NAMI"},"content":{"rendered":"<section class=\"contact-section\">\n<div class=\"container\">\n<div class=\"row\">\n<div class=\"col-md-6\">\n<div class=\"contact-form\">\n        \n<div class=\"wpcf7 no-js\" id=\"wpcf7-f100-o1\" lang=\"en-US\" dir=\"ltr\" data-wpcf7-id=\"100\">\n<div class=\"screen-reader-response\"><p role=\"status\" aria-live=\"polite\" aria-atomic=\"true\"><\/p> <ul><\/ul><\/div>\n<form action=\"\/pl\/wp-json\/wp\/v2\/pages\/101#wpcf7-f100-o1\" method=\"post\" class=\"wpcf7-form init\" aria-label=\"Contact form\" novalidate=\"novalidate\" data-status=\"init\">\n<div style=\"display: none;\">\n<input type=\"hidden\" name=\"_wpcf7\" value=\"100\" \/>\n<input type=\"hidden\" name=\"_wpcf7_version\" value=\"6.0.6\" \/>\n<input type=\"hidden\" name=\"_wpcf7_locale\" value=\"en_US\" \/>\n<input type=\"hidden\" name=\"_wpcf7_unit_tag\" value=\"wpcf7-f100-o1\" \/>\n<input type=\"hidden\" name=\"_wpcf7_container_post\" value=\"0\" \/>\n<input type=\"hidden\" name=\"_wpcf7_posted_data_hash\" value=\"\" \/>\n<\/div>\n<p><span class=\"wpcf7-form-control-wrap\" data-name=\"text-337\"><input size=\"40\" maxlength=\"400\" class=\"wpcf7-form-control wpcf7-text wpcf7-validates-as-required edit-feilds\" aria-required=\"true\" aria-invalid=\"false\" placeholder=\"Imi\u0119 i nazwisko\" value=\"\" type=\"text\" name=\"text-337\" \/><\/span><br \/>\n<span class=\"wpcf7-form-control-wrap\" data-name=\"email-683\"><input size=\"40\" maxlength=\"400\" class=\"wpcf7-form-control wpcf7-email wpcf7-validates-as-required wpcf7-text wpcf7-validates-as-email edit-feilds\" aria-required=\"true\" aria-invalid=\"false\" placeholder=\"Wprowad\u017a sw\u00f3j email\" value=\"\" type=\"email\" name=\"email-683\" \/><\/span><br \/>\n<span class=\"wpcf7-form-control-wrap\" data-name=\"text-136\"><input size=\"40\" maxlength=\"400\" class=\"wpcf7-form-control wpcf7-text wpcf7-validates-as-required edit-feilds\" aria-required=\"true\" aria-invalid=\"false\" placeholder=\"Temat\" value=\"\" type=\"text\" name=\"text-136\" \/><\/span><br \/>\n<span class=\"wpcf7-form-control-wrap\" data-name=\"textarea-770\"><textarea cols=\"40\" rows=\"10\" maxlength=\"2000\" class=\"wpcf7-form-control wpcf7-textarea edit-msg\" aria-invalid=\"false\" placeholder=\"Tutaj wpisz swoj\u0105 wiadomo\u015b\u0107.....\" name=\"textarea-770\"><\/textarea><\/span><br \/>\n<input class=\"wpcf7-form-control wpcf7-submit has-spinner send\" type=\"submit\" value=\"Wy\u015blij wiadomo\u015b\u0107\" \/>\n<\/p><div class=\"wpcf7-response-output\" aria-hidden=\"true\"><\/div>\n<\/form>\n<\/div>\n<\/p><\/div>\n<\/p><\/div>\n<div class=\"col-md-6 office-bg\">\n<div class=\"contact-info\">\n<h2>Nasze biuro<\/h2>\n<p>Zawsze ch\u0119tnie przyjmujemy go\u015bci!<\/p>\n<div class=\"details\">\n<div class=\"fields-sec\">\n\t\t\t<span class=\"sec-img\"><img decoding=\"async\" src=\"https:\/\/seroxy.eu\/wp-content\/uploads\/2017\/07\/address.png\"><\/span><br \/>\n\t\t\t<span class=\"sec-info\">Calle Maria Tudor, 36, Atico B, Madryt, Hiszpania<\/span>\n            <\/div>\n<div class=\"mT40\">\n              <span class=\"sec-img\"><img decoding=\"async\" src=\"https:\/\/seroxy.eu\/wp-content\/uploads\/2017\/07\/phone.png\"><\/span><br \/>\n              <span class=\"sec-info\"><br \/>\n\t\t\t  <a href=\"#\">+34620283063<\/a><\/p>\n<p>\t\t\t  <\/span>\n            <\/div>\n<div class=\"mT40\">\n            <a href=\"mailto:admin@seroxy.eu?Subject=Hello%20again\" target=\"_top\" rel=\"noopener\"><br \/>\n                <span class=\"sec-img\"> <img decoding=\"async\" src=\"https:\/\/seroxy.eu\/wp-content\/uploads\/2017\/07\/email.png\"><\/span><br \/>\n                <span class=\"sec-info\">admin@seroxy.eu<\/span><br \/>\n            <\/a>\n            <\/div>\n<\/p><\/div>\n<\/p><\/div>\n<\/p><\/div>\n<\/p><\/div>\n<\/div>\n<\/section>\n","protected":false},"excerpt":{"rendered":"<p>Nasze biuro Zawsze ch\u0119tnie przyjmujemy go\u015bci! Calle Maria Tudor, 36, Atico B, Madryt, Hiszpania +34620283063 admin@seroxy.eu<\/p>\n","protected":false},"author":7,"featured_media":105,"parent":0,"menu_order":0,"comment_status":"closed","ping_status":"closed","template":"contact.php","meta":{"_acf_changed":false,"inline_featured_image":false,"footnotes":""},"class_list":["post-101","page","type-page","status-publish","has-post-thumbnail","hentry"],"acf":[],"yoast_head":"<!-- This site is optimized with the Yoast SEO plugin v25.6 - https:\/\/yoast.com\/wordpress\/plugins\/seo\/ -->\n<title>SKONTAKTUJ SI\u0118 Z NAMI - SerOxy<\/title>\n<meta name=\"robots\" content=\"index, follow, max-snippet:-1, max-image-preview:large, max-video-preview:-1\" \/>\n<link rel=\"canonical\" href=\"https:\/\/seroxy.eu\/pl\/contact-us\/\" \/>\n<meta property=\"og:locale\" content=\"en_US\" \/>\n<meta property=\"og:type\" content=\"article\" \/>\n<meta property=\"og:title\" content=\"SKONTAKTUJ SI\u0118 Z NAMI - SerOxy\" \/>\n<meta property=\"og:description\" content=\"Nasze biuro Zawsze ch\u0119tnie przyjmujemy go\u015bci! Calle Maria Tudor, 36, Atico B, Madryt, Hiszpania +34620283063 admin@seroxy.eu\" \/>\n<meta property=\"og:url\" content=\"https:\/\/seroxy.eu\/pl\/contact-us\/\" \/>\n<meta property=\"og:site_name\" content=\"SerOxy\" \/>\n<meta property=\"og:image\" content=\"https:\/\/seroxy.eu\/wp-content\/uploads\/2017\/07\/address.png\" \/>\n<meta name=\"twitter:card\" content=\"summary_large_image\" \/>\n<script type=\"application\/ld+json\" class=\"yoast-schema-graph\">{\"@context\":\"https:\/\/schema.org\",\"@graph\":[{\"@type\":\"WebPage\",\"@id\":\"https:\/\/seroxy.eu\/pl\/contact-us\/\",\"url\":\"https:\/\/seroxy.eu\/pl\/contact-us\/\",\"name\":\"SKONTAKTUJ SI\u0118 Z NAMI - SerOxy\",\"isPartOf\":{\"@id\":\"https:\/\/seroxy.eu\/pl\/#website\"},\"primaryImageOfPage\":{\"@id\":\"https:\/\/seroxy.eu\/pl\/contact-us\/#primaryimage\"},\"image\":{\"@id\":\"https:\/\/seroxy.eu\/pl\/contact-us\/#primaryimage\"},\"thumbnailUrl\":\"https:\/\/seroxy.eu\/pl\/wp-content\/uploads\/sites\/7\/2017\/07\/contact-us.jpg\",\"datePublished\":\"2017-07-05T05:29:10+00:00\",\"breadcrumb\":{\"@id\":\"https:\/\/seroxy.eu\/pl\/contact-us\/#breadcrumb\"},\"inLanguage\":\"en-US\",\"potentialAction\":[{\"@type\":\"ReadAction\",\"target\":[\"https:\/\/seroxy.eu\/pl\/contact-us\/\"]}]},{\"@type\":\"ImageObject\",\"inLanguage\":\"en-US\",\"@id\":\"https:\/\/seroxy.eu\/pl\/contact-us\/#primaryimage\",\"url\":\"https:\/\/seroxy.eu\/pl\/wp-content\/uploads\/sites\/7\/2017\/07\/contact-us.jpg\",\"contentUrl\":\"https:\/\/seroxy.eu\/pl\/wp-content\/uploads\/sites\/7\/2017\/07\/contact-us.jpg\",\"width\":1366,\"height\":402},{\"@type\":\"BreadcrumbList\",\"@id\":\"https:\/\/seroxy.eu\/pl\/contact-us\/#breadcrumb\",\"itemListElement\":[{\"@type\":\"ListItem\",\"position\":1,\"name\":\"Home\",\"item\":\"https:\/\/seroxy.eu\/pl\/\"},{\"@type\":\"ListItem\",\"position\":2,\"name\":\"SKONTAKTUJ SI\u0118 Z NAMI\"}]},{\"@type\":\"WebSite\",\"@id\":\"https:\/\/seroxy.eu\/pl\/#website\",\"url\":\"https:\/\/seroxy.eu\/pl\/\",\"name\":\"SerOxy\",\"description\":\"Discovering, thinking, and smiling together.\",\"potentialAction\":[{\"@type\":\"SearchAction\",\"target\":{\"@type\":\"EntryPoint\",\"urlTemplate\":\"https:\/\/seroxy.eu\/pl\/?s={search_term_string}\"},\"query-input\":{\"@type\":\"PropertyValueSpecification\",\"valueRequired\":true,\"valueName\":\"search_term_string\"}}],\"inLanguage\":\"en-US\"}]}<\/script>\n<!-- \/ Yoast SEO plugin. -->","yoast_head_json":{"title":"SKONTAKTUJ SI\u0118 Z NAMI - SerOxy","robots":{"index":"index","follow":"follow","max-snippet":"max-snippet:-1","max-image-preview":"max-image-preview:large","max-video-preview":"max-video-preview:-1"},"canonical":"https:\/\/seroxy.eu\/pl\/contact-us\/","og_locale":"en_US","og_type":"article","og_title":"SKONTAKTUJ SI\u0118 Z NAMI - SerOxy","og_description":"Nasze biuro Zawsze ch\u0119tnie przyjmujemy go\u015bci! Calle Maria Tudor, 36, Atico B, Madryt, Hiszpania +34620283063 admin@seroxy.eu","og_url":"https:\/\/seroxy.eu\/pl\/contact-us\/","og_site_name":"SerOxy","og_image":[{"url":"https:\/\/seroxy.eu\/wp-content\/uploads\/2017\/07\/address.png","type":"","width":"","height":""}],"twitter_card":"summary_large_image","schema":{"@context":"https:\/\/schema.org","@graph":[{"@type":"WebPage","@id":"https:\/\/seroxy.eu\/pl\/contact-us\/","url":"https:\/\/seroxy.eu\/pl\/contact-us\/","name":"SKONTAKTUJ SI\u0118 Z NAMI - SerOxy","isPartOf":{"@id":"https:\/\/seroxy.eu\/pl\/#website"},"primaryImageOfPage":{"@id":"https:\/\/seroxy.eu\/pl\/contact-us\/#primaryimage"},"image":{"@id":"https:\/\/seroxy.eu\/pl\/contact-us\/#primaryimage"},"thumbnailUrl":"https:\/\/seroxy.eu\/pl\/wp-content\/uploads\/sites\/7\/2017\/07\/contact-us.jpg","datePublished":"2017-07-05T05:29:10+00:00","breadcrumb":{"@id":"https:\/\/seroxy.eu\/pl\/contact-us\/#breadcrumb"},"inLanguage":"en-US","potentialAction":[{"@type":"ReadAction","target":["https:\/\/seroxy.eu\/pl\/contact-us\/"]}]},{"@type":"ImageObject","inLanguage":"en-US","@id":"https:\/\/seroxy.eu\/pl\/contact-us\/#primaryimage","url":"https:\/\/seroxy.eu\/pl\/wp-content\/uploads\/sites\/7\/2017\/07\/contact-us.jpg","contentUrl":"https:\/\/seroxy.eu\/pl\/wp-content\/uploads\/sites\/7\/2017\/07\/contact-us.jpg","width":1366,"height":402},{"@type":"BreadcrumbList","@id":"https:\/\/seroxy.eu\/pl\/contact-us\/#breadcrumb","itemListElement":[{"@type":"ListItem","position":1,"name":"Home","item":"https:\/\/seroxy.eu\/pl\/"},{"@type":"ListItem","position":2,"name":"SKONTAKTUJ SI\u0118 Z NAMI"}]},{"@type":"WebSite","@id":"https:\/\/seroxy.eu\/pl\/#website","url":"https:\/\/seroxy.eu\/pl\/","name":"SerOxy","description":"Discovering, thinking, and smiling together.","potentialAction":[{"@type":"SearchAction","target":{"@type":"EntryPoint","urlTemplate":"https:\/\/seroxy.eu\/pl\/?s={search_term_string}"},"query-input":{"@type":"PropertyValueSpecification","valueRequired":true,"valueName":"search_term_string"}}],"inLanguage":"en-US"}]}},"_links":{"self":[{"href":"https:\/\/seroxy.eu\/pl\/wp-json\/wp\/v2\/pages\/101"}],"collection":[{"href":"https:\/\/seroxy.eu\/pl\/wp-json\/wp\/v2\/pages"}],"about":[{"href":"https:\/\/seroxy.eu\/pl\/wp-json\/wp\/v2\/types\/page"}],"author":[{"embeddable":true,"href":"https:\/\/seroxy.eu\/pl\/wp-json\/wp\/v2\/users\/7"}],"replies":[{"embeddable":true,"href":"https:\/\/seroxy.eu\/pl\/wp-json\/wp\/v2\/comments?post=101"}],"version-history":[{"count":0,"href":"https:\/\/seroxy.eu\/pl\/wp-json\/wp\/v2\/pages\/101\/revisions"}],"wp:featuredmedia":[{"embeddable":true,"href":"https:\/\/seroxy.eu\/pl\/wp-json\/wp\/v2\/media\/105"}],"wp:attachment":[{"href":"https:\/\/seroxy.eu\/pl\/wp-json\/wp\/v2\/media?parent=101"}],"curies":[{"name":"wp","href":"https:\/\/api.w.org\/{rel}","templated":true}]}}