{"id":80,"date":"2017-07-04T09:02:57","date_gmt":"2017-07-04T09:02:57","guid":{"rendered":"http:\/\/seroxy.eu\/?page_id=80"},"modified":"2017-07-04T09:02:57","modified_gmt":"2017-07-04T09:02:57","slug":"work-with-us","status":"publish","type":"page","link":"https:\/\/seroxy.eu\/pl\/work-with-us\/","title":{"rendered":"REKLAMA"},"content":{"rendered":"<section class=\"company-preview\">\n<div class=\"container\">\n<div class=\"row mT60 mB50\">\n<div class=\"col-md-12\">\n<h2>Jak mo\u017cemy wsp\u00f3\u0142pracowa\u0107<\/h2>\nPoniewa\u017c \u015bwiat si\u0119 zmienia, zmieniaj\u0105 si\u0119 ludzie i ich nastawienie. Dlatego naszym obowi\u0105zkiem, jako tw\u00f3rc\u00f3w tre\u015bci jest zmiana paradygmatu reklamowego.\n\n<\/div>\n<\/div>\n<div class=\"row mB80\">\n<div class=\"col-md-6\"><img decoding=\"async\" class=\"img-responsive\" src=\"https:\/\/seroxy.eu\/wp-content\/uploads\/2017\/07\/advertisement-group.jpg\" alt=\"\" \/><\/div>\n<div class=\"col-md-6\">\n<div class=\"advertise-data\">\n\nTutaj, w SerOxy, b\u0119dziemy wspiera\u0107 innowacyjne podej\u015bcia, a tak\u017ce nowe i bardziej etyczne sposoby prowadzenia dzia\u0142alno\u015bci gospodarczej na \u015bwiecie. Kierujemy si\u0119 kilkoma warto\u015bciami, kt\u00f3re b\u0119dziemy mie\u0107 na uwadze przy ocenie warto\u015bci potencjalnego partnerstwa.\n\nChcieliby\u015bmy by nasza firma by\u0142a obok tych, kt\u00f3re przesuwaj\u0105 granice mo\u017cliwo\u015bci i robi\u0105 co\u015b, co wydawa\u0142o si\u0119 niedawno niemo\u017cliwe. Nasze tre\u015bci poruszaj\u0105 kluczowe tematy, takie jak zdrowy styl \u017cycia i jedzenie, najnowsze osi\u0105gni\u0119cia naukowe i technologiczne, a tak\u017ce umiarkowane i ostro\u017cne podej\u015bcie do impulsywnych zakup\u00f3w. Inwestowanie w tworzenie wysokiej jako\u015bci wi\u0119zi mi\u0119dzyludzkich, a tak\u017ce wspania\u0142e do\u015bwiadczenie, kt\u00f3re mo\u017cemy zdoby\u0107 podr\u00f3\u017cuj\u0105c, czytaj\u0105c i badaj\u0105c r\u00f3\u017cne obszary \u015bwiata, to inne kwestie poruszane przez nasz\u0105 tre\u015b\u0107.\n\nWi\u0119c ... je\u015bli Twoja wizja jest bliska temu, co w\u0142a\u015bnie wyja\u015bnili\u015bmy, i je\u015bli uwa\u017casz, \u017ce wsp\u00f3\u0142praca z nami mo\u017ce doda\u0107 warto\u015b\u0107 Twojej marce, nie wahaj si\u0119 z nami skontaktowa\u0107. Razem mo\u017cemy by\u0107 w stanie odcisn\u0105\u0107 pi\u0119tno na otaczaj\u0105cym nas \u015bwiecie.\n\n<\/div>\n<\/div>\n<\/div>\n<\/div>\n<\/section>\n","protected":false},"excerpt":{"rendered":"","protected":false},"author":7,"featured_media":99,"parent":0,"menu_order":0,"comment_status":"closed","ping_status":"closed","template":"advertisement.php","meta":{"_acf_changed":false,"inline_featured_image":false,"footnotes":""},"class_list":["post-80","page","type-page","status-publish","has-post-thumbnail","hentry"],"acf":[],"yoast_head":"<!-- This site is optimized with the Yoast SEO plugin v25.6 - https:\/\/yoast.com\/wordpress\/plugins\/seo\/ -->\n<title>REKLAMA - SerOxy<\/title>\n<meta name=\"robots\" content=\"index, follow, max-snippet:-1, max-image-preview:large, max-video-preview:-1\" \/>\n<link rel=\"canonical\" href=\"https:\/\/seroxy.eu\/pl\/work-with-us\/\" \/>\n<meta property=\"og:locale\" content=\"en_US\" \/>\n<meta property=\"og:type\" content=\"article\" \/>\n<meta property=\"og:title\" content=\"REKLAMA - SerOxy\" \/>\n<meta property=\"og:url\" content=\"https:\/\/seroxy.eu\/pl\/work-with-us\/\" \/>\n<meta property=\"og:site_name\" content=\"SerOxy\" \/>\n<meta name=\"twitter:card\" content=\"summary_large_image\" \/>\n<script type=\"application\/ld+json\" class=\"yoast-schema-graph\">{\"@context\":\"https:\/\/schema.org\",\"@graph\":[{\"@type\":\"WebPage\",\"@id\":\"https:\/\/seroxy.eu\/pl\/work-with-us\/\",\"url\":\"https:\/\/seroxy.eu\/pl\/work-with-us\/\",\"name\":\"REKLAMA - SerOxy\",\"isPartOf\":{\"@id\":\"https:\/\/seroxy.eu\/pl\/#website\"},\"primaryImageOfPage\":{\"@id\":\"https:\/\/seroxy.eu\/pl\/work-with-us\/#primaryimage\"},\"image\":{\"@id\":\"https:\/\/seroxy.eu\/pl\/work-with-us\/#primaryimage\"},\"thumbnailUrl\":\"https:\/\/seroxy.eu\/pl\/wp-content\/uploads\/sites\/7\/2017\/07\/advertise-header.jpg\",\"datePublished\":\"2017-07-04T09:02:57+00:00\",\"breadcrumb\":{\"@id\":\"https:\/\/seroxy.eu\/pl\/work-with-us\/#breadcrumb\"},\"inLanguage\":\"en-US\",\"potentialAction\":[{\"@type\":\"ReadAction\",\"target\":[\"https:\/\/seroxy.eu\/pl\/work-with-us\/\"]}]},{\"@type\":\"ImageObject\",\"inLanguage\":\"en-US\",\"@id\":\"https:\/\/seroxy.eu\/pl\/work-with-us\/#primaryimage\",\"url\":\"https:\/\/seroxy.eu\/pl\/wp-content\/uploads\/sites\/7\/2017\/07\/advertise-header.jpg\",\"contentUrl\":\"https:\/\/seroxy.eu\/pl\/wp-content\/uploads\/sites\/7\/2017\/07\/advertise-header.jpg\",\"width\":1366,\"height\":384},{\"@type\":\"BreadcrumbList\",\"@id\":\"https:\/\/seroxy.eu\/pl\/work-with-us\/#breadcrumb\",\"itemListElement\":[{\"@type\":\"ListItem\",\"position\":1,\"name\":\"Home\",\"item\":\"https:\/\/seroxy.eu\/pl\/\"},{\"@type\":\"ListItem\",\"position\":2,\"name\":\"REKLAMA\"}]},{\"@type\":\"WebSite\",\"@id\":\"https:\/\/seroxy.eu\/pl\/#website\",\"url\":\"https:\/\/seroxy.eu\/pl\/\",\"name\":\"SerOxy\",\"description\":\"Discovering, thinking, and smiling together.\",\"potentialAction\":[{\"@type\":\"SearchAction\",\"target\":{\"@type\":\"EntryPoint\",\"urlTemplate\":\"https:\/\/seroxy.eu\/pl\/?s={search_term_string}\"},\"query-input\":{\"@type\":\"PropertyValueSpecification\",\"valueRequired\":true,\"valueName\":\"search_term_string\"}}],\"inLanguage\":\"en-US\"}]}<\/script>\n<!-- \/ Yoast SEO plugin. -->","yoast_head_json":{"title":"REKLAMA - SerOxy","robots":{"index":"index","follow":"follow","max-snippet":"max-snippet:-1","max-image-preview":"max-image-preview:large","max-video-preview":"max-video-preview:-1"},"canonical":"https:\/\/seroxy.eu\/pl\/work-with-us\/","og_locale":"en_US","og_type":"article","og_title":"REKLAMA - SerOxy","og_url":"https:\/\/seroxy.eu\/pl\/work-with-us\/","og_site_name":"SerOxy","twitter_card":"summary_large_image","schema":{"@context":"https:\/\/schema.org","@graph":[{"@type":"WebPage","@id":"https:\/\/seroxy.eu\/pl\/work-with-us\/","url":"https:\/\/seroxy.eu\/pl\/work-with-us\/","name":"REKLAMA - SerOxy","isPartOf":{"@id":"https:\/\/seroxy.eu\/pl\/#website"},"primaryImageOfPage":{"@id":"https:\/\/seroxy.eu\/pl\/work-with-us\/#primaryimage"},"image":{"@id":"https:\/\/seroxy.eu\/pl\/work-with-us\/#primaryimage"},"thumbnailUrl":"https:\/\/seroxy.eu\/pl\/wp-content\/uploads\/sites\/7\/2017\/07\/advertise-header.jpg","datePublished":"2017-07-04T09:02:57+00:00","breadcrumb":{"@id":"https:\/\/seroxy.eu\/pl\/work-with-us\/#breadcrumb"},"inLanguage":"en-US","potentialAction":[{"@type":"ReadAction","target":["https:\/\/seroxy.eu\/pl\/work-with-us\/"]}]},{"@type":"ImageObject","inLanguage":"en-US","@id":"https:\/\/seroxy.eu\/pl\/work-with-us\/#primaryimage","url":"https:\/\/seroxy.eu\/pl\/wp-content\/uploads\/sites\/7\/2017\/07\/advertise-header.jpg","contentUrl":"https:\/\/seroxy.eu\/pl\/wp-content\/uploads\/sites\/7\/2017\/07\/advertise-header.jpg","width":1366,"height":384},{"@type":"BreadcrumbList","@id":"https:\/\/seroxy.eu\/pl\/work-with-us\/#breadcrumb","itemListElement":[{"@type":"ListItem","position":1,"name":"Home","item":"https:\/\/seroxy.eu\/pl\/"},{"@type":"ListItem","position":2,"name":"REKLAMA"}]},{"@type":"WebSite","@id":"https:\/\/seroxy.eu\/pl\/#website","url":"https:\/\/seroxy.eu\/pl\/","name":"SerOxy","description":"Discovering, thinking, and smiling together.","potentialAction":[{"@type":"SearchAction","target":{"@type":"EntryPoint","urlTemplate":"https:\/\/seroxy.eu\/pl\/?s={search_term_string}"},"query-input":{"@type":"PropertyValueSpecification","valueRequired":true,"valueName":"search_term_string"}}],"inLanguage":"en-US"}]}},"_links":{"self":[{"href":"https:\/\/seroxy.eu\/pl\/wp-json\/wp\/v2\/pages\/80"}],"collection":[{"href":"https:\/\/seroxy.eu\/pl\/wp-json\/wp\/v2\/pages"}],"about":[{"href":"https:\/\/seroxy.eu\/pl\/wp-json\/wp\/v2\/types\/page"}],"author":[{"embeddable":true,"href":"https:\/\/seroxy.eu\/pl\/wp-json\/wp\/v2\/users\/7"}],"replies":[{"embeddable":true,"href":"https:\/\/seroxy.eu\/pl\/wp-json\/wp\/v2\/comments?post=80"}],"version-history":[{"count":0,"href":"https:\/\/seroxy.eu\/pl\/wp-json\/wp\/v2\/pages\/80\/revisions"}],"wp:featuredmedia":[{"embeddable":true,"href":"https:\/\/seroxy.eu\/pl\/wp-json\/wp\/v2\/media\/99"}],"wp:attachment":[{"href":"https:\/\/seroxy.eu\/pl\/wp-json\/wp\/v2\/media?parent=80"}],"curies":[{"name":"wp","href":"https:\/\/api.w.org\/{rel}","templated":true}]}}